{"id":33,"date":"2025-10-12T17:40:19","date_gmt":"2025-10-12T15:40:19","guid":{"rendered":"https:\/\/thinkcode.fr\/?page_id=33"},"modified":"2025-10-31T09:38:02","modified_gmt":"2025-10-31T08:38:02","slug":"gameoflife","status":"publish","type":"page","link":"https:\/\/thinkcode.fr\/index.php\/gameoflife\/","title":{"rendered":"Conway&rsquo;s Game of Life &#8211; Le jeu de la vie"},"content":{"rendered":"\n<div class=\"wp-block-group is-layout-constrained wp-container-core-group-is-layout-7db9d80f wp-block-group-is-layout-constrained\" style=\"padding-right:0;padding-left:0\">\n<div class=\"wp-block-columns is-layout-flex wp-container-core-columns-is-layout-374bbb18 wp-block-columns-is-layout-flex\" style=\"padding-top:var(--wp--preset--spacing--sm);padding-bottom:var(--wp--preset--spacing--sm)\">\n<div class=\"wp-block-column is-vertically-aligned-center is-layout-flow wp-block-column-is-layout-flow\" style=\"flex-basis:100%\">\n<h1 class=\"wp-block-heading is-style-frameword-text-wrap-balance\">Le jeu de la vie<\/h1>\n<\/div>\n<\/div>\n<\/div>\n\n\n\n<div class=\"wp-block-media-text has-media-on-the-right is-stacked-on-mobile\" style=\"margin-top:0;margin-bottom:0;padding-top:0;padding-bottom:0;grid-template-columns:auto 26%\"><div class=\"wp-block-media-text__content\">\n<p>Le jeu de la vie a \u00e9t\u00e9 imagin\u00e9 par John Horton Conway en 1970. Ce jeu s&rsquo;appuie sur une paire de r\u00e8gles math\u00e9matiques et il d\u00e9montre comment ces r\u00e8gles extr\u00eamement simples \u00e0 une petite \u00e9chelle peuvent engendrer des formes extr\u00eamement complexes \u00e0 une \u00e9chelle macro. Cette id\u00e9e nous inspire notamment sur ce qui pourrait \u00eatre un des principes fondamentaux dans notre univers et dans les processus qui ont engendr\u00e9 la vie. Ce jeu nous montre aussi un sujet d\u00e9battu en physique qui sont les \u00ab\u00a0r\u00e9alit\u00e9s \u00e9mergentes\u00a0\u00bb. Selon l&rsquo;\u00e9chelle \u00e0 laquelle on regarde l&rsquo;univers ; des comportements et des \u00ab\u00a0physiques\u00a0\u00bb nouvelles peuvent y \u00e9merger. C&rsquo;est un peu comme regarder une mol\u00e9cule d&rsquo;eau de mani\u00e8re individuelle, maitriser tous les aspects de sa composition et ne pas se rendre compte qu&rsquo;une infinit\u00e9 de mol\u00e9cules d&rsquo;eau peut engendrer de la pluie, des vagues et des mar\u00e9es&#8230;<\/p>\n<\/div><figure class=\"wp-block-media-text__media\"><img loading=\"lazy\" decoding=\"async\" width=\"1024\" height=\"1024\" src=\"https:\/\/thinkcode.fr\/wp-content\/uploads\/2025\/10\/ChatGPT-Image-30-oct.-2025-16_14_28.png\" alt=\"\" class=\"wp-image-122 size-full\" srcset=\"https:\/\/thinkcode.fr\/wp-content\/uploads\/2025\/10\/ChatGPT-Image-30-oct.-2025-16_14_28.png 1024w, https:\/\/thinkcode.fr\/wp-content\/uploads\/2025\/10\/ChatGPT-Image-30-oct.-2025-16_14_28-300x300.png 300w, https:\/\/thinkcode.fr\/wp-content\/uploads\/2025\/10\/ChatGPT-Image-30-oct.-2025-16_14_28-150x150.png 150w, https:\/\/thinkcode.fr\/wp-content\/uploads\/2025\/10\/ChatGPT-Image-30-oct.-2025-16_14_28-768x768.png 768w\" sizes=\"auto, (max-width: 1024px) 100vw, 1024px\" \/><\/figure><\/div>\n\n\n\n<div class=\"wp-block-group is-layout-constrained wp-block-group-is-layout-constrained\" style=\"margin-top:var(--wp--preset--spacing--xxs);margin-bottom:var(--wp--preset--spacing--xxs)\">\n<div class=\"wp-block-group is-nowrap is-layout-flex wp-container-core-group-is-layout-6c531013 wp-block-group-is-layout-flex\">\n<div class=\"wp-block-columns wp-container-content-9cfa9a5a is-layout-flex wp-container-core-columns-is-layout-28f84493 wp-block-columns-is-layout-flex\">\n<div class=\"wp-block-column is-layout-flow wp-block-column-is-layout-flow\" style=\"flex-basis:10%\"><\/div>\n\n\n\n<div class=\"wp-block-column is-layout-constrained wp-block-column-is-layout-constrained\" style=\"flex-basis:75%\">\n<div class=\"controls\">\n<button class=\"btn btn-primary btn-sm\" id=\"start\">Start<\/button>\n<button class=\"btn btn-primary btn-sm\" id=\"clear\">Clear<\/button>\n<button class=\"btn btn-primary btn-sm\" id=\"random\">Random<\/button>\n<\/div>\n<\/div>\n<\/div>\n<\/div>\n\n\n\n<div class=\"wp-block-group is-content-justification-center is-nowrap is-layout-flex wp-container-core-group-is-layout-23441af8 wp-block-group-is-layout-flex\">\n<div id=\"gridContainer\">\n    \n<\/div>\n<\/div>\n<\/div>\n\n\n\n<p>Dans cette exemple que j&rsquo;ai r\u00e9cup\u00e9r\u00e9 sur internet vous voyez des blocs interagir entre eux ce qui cr\u00e9e une illusion de mouvement. En r\u00e9alit\u00e9, les cellules sont fixes et elles peuvent soit \u00eatre activ\u00e9s soit d\u00e9sactiv\u00e9s en fonction des r\u00e8gles suivantes :<\/p>\n\n\n\n<h3 class=\"wp-block-heading\">Les r\u00e8gles d\u2019\u00e9volution<\/h3>\n\n\n\n<p>\u00c0 chaque g\u00e9n\u00e9ration :<\/p>\n\n\n\n<ol class=\"wp-block-list\">\n<li><strong>Sous-population<\/strong> :<br>Une cellule vivante qui a <strong>moins de 2 voisines vivantes<\/strong> meurt (elle est trop seule).<\/li>\n\n\n\n<li><strong>Surpopulation<\/strong> :<br>Une cellule vivante qui a <strong>plus de 3 voisines vivantes<\/strong> meurt (elle est trop entour\u00e9e).<\/li>\n\n\n\n<li><strong>Survie<\/strong> :<br>Une cellule vivante qui a <strong>2 ou 3 voisines vivantes<\/strong> reste vivante.<\/li>\n\n\n\n<li><strong>Naissance<\/strong> :<br>Une cellule morte qui a <strong>exactement 3 voisines vivantes<\/strong> devient vivante (une nouvelle cellule na\u00eet).<\/li>\n<\/ol>\n\n\n\n<p>Dans cet exemple on a un tout petit tableau ce qui nous emp\u00eache de voir la vraie \u00e9volution du jeu \u00e0 grande \u00e9chelle. Mais ne s&rsquo;arr\u00eatez pas ici ! Je vous envoi vers la chaine Science Etonnante o\u00f9 vous pourrez voir en profondeur les implications de ce jeu. Vous ne serrez pas d\u00e9\u00e7u !<\/p>\n\n\n\n<div class=\"wp-block-group is-nowrap is-layout-flex wp-container-core-group-is-layout-6c531013 wp-block-group-is-layout-flex\">\n<iframe loading=\"lazy\" width=\"560\" height=\"315\" src=\"https:\/\/www.youtube.com\/embed\/S-W0NX97DB0?si=Sn2D5mf6AGjlBcoE\" title=\"YouTube video player\" frameborder=\"0\" allow=\"accelerometer; autoplay; clipboard-write; encrypted-media; gyroscope; picture-in-picture; web-share\" referrerpolicy=\"strict-origin-when-cross-origin\" allowfullscreen><\/iframe>\n<\/div>\n","protected":false},"excerpt":{"rendered":"<p>Le jeu de la vie Le jeu de la vie a \u00e9t\u00e9 imagin\u00e9 par John Horton Conway en 1970. Ce jeu s&rsquo;appuie sur une paire de r\u00e8gles math\u00e9matiques et il d\u00e9montre comment ces r\u00e8gles extr\u00eamement simples \u00e0 une petite \u00e9chelle peuvent engendrer des formes extr\u00eamement complexes \u00e0 une \u00e9chelle macro. Cette id\u00e9e nous inspire notamment [&hellip;]<\/p>\n","protected":false},"author":1,"featured_media":0,"parent":0,"menu_order":0,"comment_status":"closed","ping_status":"closed","template":"","meta":{"footnotes":""},"class_list":["post-33","page","type-page","status-publish","hentry"],"_links":{"self":[{"href":"https:\/\/thinkcode.fr\/index.php\/wp-json\/wp\/v2\/pages\/33","targetHints":{"allow":["GET"]}}],"collection":[{"href":"https:\/\/thinkcode.fr\/index.php\/wp-json\/wp\/v2\/pages"}],"about":[{"href":"https:\/\/thinkcode.fr\/index.php\/wp-json\/wp\/v2\/types\/page"}],"author":[{"embeddable":true,"href":"https:\/\/thinkcode.fr\/index.php\/wp-json\/wp\/v2\/users\/1"}],"replies":[{"embeddable":true,"href":"https:\/\/thinkcode.fr\/index.php\/wp-json\/wp\/v2\/comments?post=33"}],"version-history":[{"count":28,"href":"https:\/\/thinkcode.fr\/index.php\/wp-json\/wp\/v2\/pages\/33\/revisions"}],"predecessor-version":[{"id":154,"href":"https:\/\/thinkcode.fr\/index.php\/wp-json\/wp\/v2\/pages\/33\/revisions\/154"}],"wp:attachment":[{"href":"https:\/\/thinkcode.fr\/index.php\/wp-json\/wp\/v2\/media?parent=33"}],"curies":[{"name":"wp","href":"https:\/\/api.w.org\/{rel}","templated":true}]}}